{"id":665,"date":"2014-07-02T10:55:44","date_gmt":"2014-07-02T08:55:44","guid":{"rendered":"https:\/\/ingmar.app\/blog\/?page_id=665"},"modified":"2020-12-04T08:40:02","modified_gmt":"2020-12-04T07:40:02","slug":"om-oss","status":"publish","type":"page","link":"https:\/\/ingmar.app\/blog\/om-oss\/","title":{"rendered":"L\u00e4r k\u00e4nna oss p\u00e5 Ingmar"},"content":{"rendered":"<h2><strong>Hej och v\u00e4lkommen till v\u00e5r blogg!<\/strong><\/h2>\n<p>P\u00e5 denna blogg kommer vi fr\u00e5n Ingmar att dela recept, tips &amp; tricks, intressant information om ingredienser och hur man anv\u00e4nder dem. Kanske dyker det \u00e4ven upp en t\u00e4vling eller tv\u00e5 h\u00e4r.<\/p>\n<p><strong>Inom kort lanserar Ingmar en app som hj\u00e4lper dig att kombinera ingredienserna du redan har hemma till enkla, snabba och l\u00e4ckra recept fr\u00e5n hela v\u00e4rlden.<\/strong><\/p>\n<p><strong><em>\u00a0<\/em><\/strong><\/p>\n<h2>\u201cVad ska jag laga f\u00f6r middag ikv\u00e4ll?\u201d<\/h2>\n<p><strong>L\u00e5ter det bekant?<\/strong><\/p>\n<p>T\u00e4nk dig att du kommer hem och \u00e4r hungrig. Du \u00e4r sugen p\u00e5 n\u00e5got gott och l\u00e4ttlagat som inte kr\u00e4ver att du g\u00e5r ut igen f\u00f6r att handla. Du vill inte \u00e4ta samma gamla vanliga pasta med tomats\u00e5s. Varf\u00f6r inte prova n\u00e5got nytt?<\/p>\n<p>Ingmar hj\u00e4lper dig med detta. Genom att lista alla ingredienser du har hemma i mobilappen kan du f\u00e5 f\u00f6rslag p\u00e5 de r\u00e4tter du kan laga utifr\u00e5n dina val.<\/p>\n<p><strong>Ingmar \u00e4r till f\u00f6r de som\u2026<\/strong><\/p>\n<ul>\n<li>Vanligtvis inte planerar m\u00e5ltider i f\u00f6rv\u00e4g och beh\u00f6ver inspiration i sin matlagning.<\/li>\n<li>Inte vill l\u00e4gga tid p\u00e5 att leta bland recept och sedan uppt\u00e4cka att flera av ingredienserna inte finns hemma.<\/li>\n<li>Inte vill g\u00e5 till mataff\u00e4ren f\u00f6r att k\u00f6pa de saknade ingredienserna.<\/li>\n<li>Vill hitta recept som inneh\u00e5ller de ingredienser hemma som n\u00e4rmar sig b\u00e4st-f\u00f6re-datum.<\/li>\n<li>Vill prova nya matr\u00e4tter emellan\u00e5t.<\/li>\n<li>Beh\u00f6ver matr\u00e4tter som g\u00e5r snabbt att laga n\u00e4r man f\u00e5r ov\u00e4ntade g\u00e4ster.<\/li>\n<\/ul>\n<p><strong>Inte en vanlig receptapp<\/strong><\/p>\n<ul>\n<li>Ingmar kombinerar ingredienserna du redan har hemma och f\u00f6resl\u00e5r recept som inte kr\u00e4ver att du g\u00e5r och handlar.<\/li>\n<li>Ingmar erbjuder recept fr\u00e5n hela v\u00e4rlden, d\u00e4ribland olika l\u00e4nders nationalr\u00e4tter.<\/li>\n<li>Ingmar lagrar och uppdaterar listan p\u00e5 ingredienser som du har hemma.<\/li>\n<li>Ingmar kan visa dig recepten p\u00e5 svenska \u00e4ven fast de lades upp p\u00e5 engelska.<\/li>\n<\/ul>\n<p><strong>Vem \u00e4r bakom Ingmar<\/strong><br \/>\n<em>Kalle S\u00f6derman<\/em> \u00e4r grundare och VD f\u00f6r Ingmar. Han har en bakgrund som managementkonsult med expertis inom beteendef\u00f6r\u00e4ndring, vilket \u00e4r v\u00e4ldigt anv\u00e4ndbart i str\u00e4van efter att f\u00f6rb\u00e4ttra m\u00e4nniskors matvanor.<\/p>\n<p><strong>Country Chef \u2013 nationalr\u00e4ttens m\u00e4sterkock<\/strong><\/p>\n<p>Vi har byggt upp ett n\u00e4rverk av kockar fr\u00e5n \u00f6ver 100 l\u00e4nder runtom i hela v\u00e4rlden. Dessa kockar har f\u00f6rsett oss, och framtida anv\u00e4ndare av Ingmar, med recepten p\u00e5 sina respektive l\u00e4nders nationalr\u00e4tter.<\/p>\n<p><strong>Vi letar alltid efter personer med talang och intresse f\u00f6r att bidra till Ingmar, s\u00e5 tveka inte att h\u00f6ra av dig!<\/strong><\/p>\n","protected":false},"excerpt":{"rendered":"<p>Hej och v\u00e4lkommen till v\u00e5r blogg! P\u00e5 denna blogg kommer vi fr\u00e5n Ingmar att dela recept, tips &amp; tricks, intressant information om ingredienser och hur man anv\u00e4nder dem. Kanske dyker det \u00e4ven upp en t\u00e4vling eller tv\u00e5 h\u00e4r. Inom kort lanserar Ingmar en app som hj\u00e4lper dig att kombinera ingredienserna du redan har hemma till&#8230;<\/p>\n<p><a class=\"more-link\" href=\"https:\/\/ingmar.app\/blog\/om-oss\/\">Read More<\/a><\/p>\n","protected":false},"author":1,"featured_media":0,"parent":0,"menu_order":0,"comment_status":"open","ping_status":"open","template":"","meta":{"content-type":"","wprm-recipe-roundup-name":"","wprm-recipe-roundup-description":"","_genesis_hide_title":false,"_genesis_hide_breadcrumbs":false,"_genesis_hide_singular_image":false,"_genesis_hide_footer_widgets":false,"_genesis_custom_body_class":"","_genesis_custom_post_class":"","_genesis_layout":""},"yoast_head":"<!-- This site is optimized with the Yoast SEO plugin v19.11 - https:\/\/yoast.com\/wordpress\/plugins\/seo\/ -->\n<title>L\u00e4r k\u00e4nna oss p\u00e5 Ingmar<\/title>\n<meta name=\"robots\" content=\"index, follow, max-snippet:-1, max-image-preview:large, max-video-preview:-1\" \/>\n<link rel=\"canonical\" href=\"https:\/\/ingmar.app\/blog\/om-oss\/\" \/>\n<meta property=\"og:locale\" content=\"en_GB\" \/>\n<meta property=\"og:type\" content=\"article\" \/>\n<meta property=\"og:title\" content=\"L\u00e4r k\u00e4nna oss p\u00e5 Ingmar\" \/>\n<meta property=\"og:description\" content=\"Hej och v\u00e4lkommen till v\u00e5r blogg! P\u00e5 denna blogg kommer vi fr\u00e5n Ingmar att dela recept, tips &amp; tricks, intressant information om ingredienser och hur man anv\u00e4nder dem. Kanske dyker det \u00e4ven upp en t\u00e4vling eller tv\u00e5 h\u00e4r. Inom kort lanserar Ingmar en app som hj\u00e4lper dig att kombinera ingredienserna du redan har hemma till...Read More\" \/>\n<meta property=\"og:url\" content=\"https:\/\/ingmar.app\/blog\/om-oss\/\" \/>\n<meta property=\"og:site_name\" content=\"Ingmar - Recipes by Ingredients\" \/>\n<meta property=\"article:publisher\" content=\"https:\/\/www.facebook.com\/IngredientMatcher\" \/>\n<meta property=\"article:modified_time\" content=\"2020-12-04T07:40:02+00:00\" \/>\n<meta name=\"twitter:label1\" content=\"Estimated reading time\" \/>\n\t<meta name=\"twitter:data1\" content=\"2 minutes\" \/>\n<script type=\"application\/ld+json\" class=\"yoast-schema-graph\">{\"@context\":\"https:\/\/schema.org\",\"@graph\":[{\"@type\":\"WebPage\",\"@id\":\"https:\/\/ingmar.app\/blog\/om-oss\/\",\"url\":\"https:\/\/ingmar.app\/blog\/om-oss\/\",\"name\":\"L\u00e4r k\u00e4nna oss p\u00e5 Ingmar\",\"isPartOf\":{\"@id\":\"https:\/\/ingmar.app\/blog\/#website\"},\"datePublished\":\"2014-07-02T08:55:44+00:00\",\"dateModified\":\"2020-12-04T07:40:02+00:00\",\"breadcrumb\":{\"@id\":\"https:\/\/ingmar.app\/blog\/om-oss\/#breadcrumb\"},\"inLanguage\":\"en-GB\",\"potentialAction\":[{\"@type\":\"ReadAction\",\"target\":[\"https:\/\/ingmar.app\/blog\/om-oss\/\"]}]},{\"@type\":\"BreadcrumbList\",\"@id\":\"https:\/\/ingmar.app\/blog\/om-oss\/#breadcrumb\",\"itemListElement\":[{\"@type\":\"ListItem\",\"position\":1,\"name\":\"Home\",\"item\":\"https:\/\/ingmar.app\/blog\/\"},{\"@type\":\"ListItem\",\"position\":2,\"name\":\"L\u00e4r k\u00e4nna oss p\u00e5 Ingmar\"}]},{\"@type\":\"WebSite\",\"@id\":\"https:\/\/ingmar.app\/blog\/#website\",\"url\":\"https:\/\/ingmar.app\/blog\/\",\"name\":\"Ingmar - Recipes by Ingredients\",\"description\":\"Recipes, Ingredients, Kitchen Tips\",\"potentialAction\":[{\"@type\":\"SearchAction\",\"target\":{\"@type\":\"EntryPoint\",\"urlTemplate\":\"https:\/\/ingmar.app\/blog\/?s={search_term_string}\"},\"query-input\":\"required name=search_term_string\"}],\"inLanguage\":\"en-GB\"}]}<\/script>\n<!-- \/ Yoast SEO plugin. -->","yoast_head_json":{"title":"L\u00e4r k\u00e4nna oss p\u00e5 Ingmar","robots":{"index":"index","follow":"follow","max-snippet":"max-snippet:-1","max-image-preview":"max-image-preview:large","max-video-preview":"max-video-preview:-1"},"canonical":"https:\/\/ingmar.app\/blog\/om-oss\/","og_locale":"en_GB","og_type":"article","og_title":"L\u00e4r k\u00e4nna oss p\u00e5 Ingmar","og_description":"Hej och v\u00e4lkommen till v\u00e5r blogg! P\u00e5 denna blogg kommer vi fr\u00e5n Ingmar att dela recept, tips &amp; tricks, intressant information om ingredienser och hur man anv\u00e4nder dem. Kanske dyker det \u00e4ven upp en t\u00e4vling eller tv\u00e5 h\u00e4r. Inom kort lanserar Ingmar en app som hj\u00e4lper dig att kombinera ingredienserna du redan har hemma till...Read More","og_url":"https:\/\/ingmar.app\/blog\/om-oss\/","og_site_name":"Ingmar - Recipes by Ingredients","article_publisher":"https:\/\/www.facebook.com\/IngredientMatcher","article_modified_time":"2020-12-04T07:40:02+00:00","twitter_misc":{"Estimated reading time":"2 minutes"},"schema":{"@context":"https:\/\/schema.org","@graph":[{"@type":"WebPage","@id":"https:\/\/ingmar.app\/blog\/om-oss\/","url":"https:\/\/ingmar.app\/blog\/om-oss\/","name":"L\u00e4r k\u00e4nna oss p\u00e5 Ingmar","isPartOf":{"@id":"https:\/\/ingmar.app\/blog\/#website"},"datePublished":"2014-07-02T08:55:44+00:00","dateModified":"2020-12-04T07:40:02+00:00","breadcrumb":{"@id":"https:\/\/ingmar.app\/blog\/om-oss\/#breadcrumb"},"inLanguage":"en-GB","potentialAction":[{"@type":"ReadAction","target":["https:\/\/ingmar.app\/blog\/om-oss\/"]}]},{"@type":"BreadcrumbList","@id":"https:\/\/ingmar.app\/blog\/om-oss\/#breadcrumb","itemListElement":[{"@type":"ListItem","position":1,"name":"Home","item":"https:\/\/ingmar.app\/blog\/"},{"@type":"ListItem","position":2,"name":"L\u00e4r k\u00e4nna oss p\u00e5 Ingmar"}]},{"@type":"WebSite","@id":"https:\/\/ingmar.app\/blog\/#website","url":"https:\/\/ingmar.app\/blog\/","name":"Ingmar - Recipes by Ingredients","description":"Recipes, Ingredients, Kitchen Tips","potentialAction":[{"@type":"SearchAction","target":{"@type":"EntryPoint","urlTemplate":"https:\/\/ingmar.app\/blog\/?s={search_term_string}"},"query-input":"required name=search_term_string"}],"inLanguage":"en-GB"}]}},"_links":{"self":[{"href":"https:\/\/ingmar.app\/blog\/wp-json\/wp\/v2\/pages\/665"}],"collection":[{"href":"https:\/\/ingmar.app\/blog\/wp-json\/wp\/v2\/pages"}],"about":[{"href":"https:\/\/ingmar.app\/blog\/wp-json\/wp\/v2\/types\/page"}],"author":[{"embeddable":true,"href":"https:\/\/ingmar.app\/blog\/wp-json\/wp\/v2\/users\/1"}],"replies":[{"embeddable":true,"href":"https:\/\/ingmar.app\/blog\/wp-json\/wp\/v2\/comments?post=665"}],"version-history":[{"count":9,"href":"https:\/\/ingmar.app\/blog\/wp-json\/wp\/v2\/pages\/665\/revisions"}],"predecessor-version":[{"id":5019,"href":"https:\/\/ingmar.app\/blog\/wp-json\/wp\/v2\/pages\/665\/revisions\/5019"}],"wp:attachment":[{"href":"https:\/\/ingmar.app\/blog\/wp-json\/wp\/v2\/media?parent=665"}],"curies":[{"name":"wp","href":"https:\/\/api.w.org\/{rel}","templated":true}]}}