{"id":9,"date":"2014-03-25T22:41:46","date_gmt":"2014-03-25T21:41:46","guid":{"rendered":"https:\/\/ingmar.app\/blogg\/?page_id=9"},"modified":"2020-11-17T23:25:47","modified_gmt":"2020-11-17T22:25:47","slug":"recept-med-dina-ingredienser","status":"publish","type":"page","link":"https:\/\/ingmar.app\/blogg\/recept-med-dina-ingredienser\/","title":{"rendered":"Recept med dina ingredienser"},"content":{"rendered":"","protected":false},"excerpt":{"rendered":"","protected":false},"author":1,"featured_media":0,"parent":0,"menu_order":0,"comment_status":"open","ping_status":"closed","template":"recipes.php","meta":{"wprm-recipe-roundup-name":"","wprm-recipe-roundup-description":"","_genesis_hide_title":false,"_genesis_hide_breadcrumbs":false,"_genesis_hide_singular_image":false,"_genesis_hide_footer_widgets":false,"_genesis_custom_body_class":"","_genesis_custom_post_class":"","_genesis_layout":"","footnotes":""},"class_list":{"0":"post-9","1":"page","2":"type-page","3":"status-publish","5":"entry"},"jetpack-related-posts":[{"id":206,"url":"https:\/\/ingmar.app\/blogg\/foodies\/","url_meta":{"origin":9,"position":0},"title":"Landskockar","date":"March 1, 2020","format":false,"excerpt":"M\u00f6t (en del av) Ingmars landskockar!\u00a0 Nedan har vi listat hemsidorna och bloggarna f\u00f6r landskockarna (de vi har). Vi vill samla nationalr\u00e4tter fr\u00e5n alla v\u00e4rldens h\u00f6rn. D\u00e4rf\u00f6r skapade vi e-kokboken National dishes from around the world d\u00e4r kockarna fick dela med sig av sina b\u00e4sta recept! Land Landskock Hemsida Afghanistan\u2026","rel":"","context":"Similar post","img":{"alt_text":"","src":"","width":0,"height":0},"classes":[]},{"id":3531,"url":"https:\/\/ingmar.app\/blogg\/recept\/","url_meta":{"origin":9,"position":1},"title":"Recept","date":"August 29, 2017","format":false,"excerpt":"","rel":"","context":"Similar post","img":{"alt_text":"","src":"","width":0,"height":0},"classes":[]},{"id":5747,"url":"https:\/\/ingmar.app\/blogg\/404-error\/","url_meta":{"origin":9,"position":2},"title":"\u00c5h nej, vi kunde inte hitta sidan du letade efter!","date":"June 24, 2020","format":false,"excerpt":"D\u00e4remot kan vi tipsa om ett gott och enkelt recept p\u00e5 rabarber-och fl\u00e4dersaft, eller varf\u00f6r inte en pasta bolognese?\u00a0 :)","rel":"","context":"Similar post","img":{"alt_text":"","src":"","width":0,"height":0},"classes":[]}],"_links":{"self":[{"href":"https:\/\/ingmar.app\/blogg\/wp-json\/wp\/v2\/pages\/9","targetHints":{"allow":["GET"]}}],"collection":[{"href":"https:\/\/ingmar.app\/blogg\/wp-json\/wp\/v2\/pages"}],"about":[{"href":"https:\/\/ingmar.app\/blogg\/wp-json\/wp\/v2\/types\/page"}],"author":[{"embeddable":true,"href":"https:\/\/ingmar.app\/blogg\/wp-json\/wp\/v2\/users\/1"}],"replies":[{"embeddable":true,"href":"https:\/\/ingmar.app\/blogg\/wp-json\/wp\/v2\/comments?post=9"}],"version-history":[{"count":3,"href":"https:\/\/ingmar.app\/blogg\/wp-json\/wp\/v2\/pages\/9\/revisions"}],"predecessor-version":[{"id":48121,"href":"https:\/\/ingmar.app\/blogg\/wp-json\/wp\/v2\/pages\/9\/revisions\/48121"}],"wp:attachment":[{"href":"https:\/\/ingmar.app\/blogg\/wp-json\/wp\/v2\/media?parent=9"}],"curies":[{"name":"wp","href":"https:\/\/api.w.org\/{rel}","templated":true}]}}