{"id":3,"date":"2020-02-23T08:39:05","date_gmt":"2020-02-23T08:39:05","guid":{"rendered":"http:\/\/ingmar.app\/?page_id=3"},"modified":"2022-10-10T09:43:42","modified_gmt":"2022-10-10T08:43:42","slug":"villkor","status":"publish","type":"page","link":"https:\/\/ingmar.app\/en\/villkor\/","title":{"rendered":"Integrity and privacy policy"},"content":{"rendered":"<div data-elementor-type=\"wp-page\" data-elementor-id=\"3\" class=\"elementor elementor-3\">\n\t\t\t\t\t\t<div class=\"elementor-inner\">\n\t\t\t\t<div class=\"elementor-section-wrap\">\n\t\t\t\t\t\t\t\t\t<section class=\"elementor-section elementor-top-section elementor-element elementor-element-d70c084 elementor-section-height-min-height elementor-section-stretched elementor-section-boxed elementor-section-height-default elementor-section-items-middle\" data-id=\"d70c084\" data-element_type=\"section\" data-settings=\"{&quot;stretch_section&quot;:&quot;section-stretched&quot;,&quot;background_background&quot;:&quot;classic&quot;,&quot;_ha_eqh_enable&quot;:false}\">\n\t\t\t\t\t\t\t<div class=\"elementor-background-overlay\"><\/div>\n\t\t\t\t\t\t\t<div class=\"elementor-container elementor-column-gap-default\">\n\t\t\t\t\t\t\t<div class=\"elementor-row\">\n\t\t\t\t\t<div class=\"elementor-column elementor-col-100 elementor-top-column elementor-element elementor-element-e08f36a\" data-id=\"e08f36a\" data-element_type=\"column\">\n\t\t\t<div class=\"elementor-column-wrap elementor-element-populated\">\n\t\t\t\t\t\t\t<div class=\"elementor-widget-wrap\">\n\t\t\t\t\t\t\t\t<\/div>\n\t\t\t\t\t<\/div>\n\t\t<\/div>\n\t\t\t\t\t\t\t\t<\/div>\n\t\t\t\t\t<\/div>\n\t\t<\/section>\n\t\t\t\t<section class=\"elementor-section elementor-top-section elementor-element elementor-element-4e94f53d elementor-section-boxed elementor-section-height-default elementor-section-height-default\" data-id=\"4e94f53d\" data-element_type=\"section\" data-settings=\"{&quot;_ha_eqh_enable&quot;:false}\">\n\t\t\t\t\t\t<div class=\"elementor-container elementor-column-gap-default\">\n\t\t\t\t\t\t\t<div class=\"elementor-row\">\n\t\t\t\t\t<div class=\"elementor-column elementor-col-100 elementor-top-column elementor-element elementor-element-54f10c64\" data-id=\"54f10c64\" data-element_type=\"column\">\n\t\t\t<div class=\"elementor-column-wrap elementor-element-populated\">\n\t\t\t\t\t\t\t<div class=\"elementor-widget-wrap\">\n\t\t\t\t\t\t<div class=\"elementor-element elementor-element-62ca8575 elementor-widget elementor-widget-text-editor\" data-id=\"62ca8575\" data-element_type=\"widget\" data-widget_type=\"text-editor.default\">\n\t\t\t\t<div class=\"elementor-widget-container\">\n\t\t\t\t\t\t\t\t<div class=\"elementor-text-editor elementor-clearfix\">\n\t\t\t\t<p><!-- wp:heading --><\/p>\n<p><\/p>\n<h3>The information we save about you who registers an account with Ingmar is done in order to<\/h3>\n<ul>\n<li>Be able to identify you and log you in<\/li>\n<li>Personalise the app and help you discover functionality<\/li>\n<li>Be able to save what you have done so your information can be retrieved from any device you wish<\/li>\n<li>Enable you to use the full functionality of the app<\/li>\n<li>Understand how users uses the app<\/li>\n<li>Be able to communicate with you<\/li>\n<\/ul>\n<div>\n<h3 style=\"font-style: normal;\">What we will NOT use your data for<\/h3>\n<ul style=\"font-size: 16px; font-style: normal; font-weight: 400;\">\n<li style=\"font-size: 16px;\">Third party ads<\/li>\n<li style=\"font-size: 16px;\">Sell your personal data (however, we might in the future sell anonymised data)&nbsp;<\/li>\n<\/ul>\n<\/div>\n<h3>What we save from the app<\/h3>\n<ul>\n<li>Email<\/li>\n<li>Name<\/li>\n<li>Language<\/li>\n<li>Measurement system<\/li>\n<li>Diet choices<\/li>\n<li>Ingredients you have at home<\/li>\n<li>Things you add to the shopping list<\/li>\n<li>Who you share the account with<\/li>\n<li>Favourite markings<\/li>\n<li>The events you do in the app<\/li>\n<li>Your device ID<\/li>\n<li>Search history<\/li>\n<\/ul>\n<p>The information is saved in the Microsoft Azure cloud where we have our database. Communication with the cloud is encrypted.<\/p>\n<h3>Cookies<\/h3>\n<p><span style=\"font-size: 16px; font-style: normal; font-weight: 400;\">Ingmar uses Facebook Pixel and Google Analytics to track users across the website and the internet. This is to be able to create content adapted for the visitor. E.g. to not show ads to you if you have downloaded the app.<\/span><\/p>\n<p>On some pages, we have also enabled Google Adsense to serve ads to you as a visitor. If you accept cookies, Google Adsense will be able to display more personal<span style=\"font-size: 16px;\">adapted (more relevant) ads. In order to do this, your data needs to be shared with third-party providers who advertise through Google Adsense. The data about you is also used by Google for statistical purposes.&nbsp;<\/span><\/p><p><span style=\"font-size: 16px;\">For more detailed info on the list of third-party providers, the different types of cookies, etc., you can see it in the cookie popup that appears when you visit our site.<\/span><\/p>\n<p><span style=\"font-size: 16px; font-style: normal; font-weight: 400;\">Cookies get removed automatically after a month (2 weeks for Google Adsense) and then you get the opportunity again to consent if you visit our website.<\/span><\/p>\n<h3 style=\"font-style: normal;\">Newsletter and leaving your email<\/h3>\n<p>By entering your email at our web site or registering an account in the app, then you accept that Ingmar will handle your personal data. Data is stored at SendInBlue.<\/p>\n<p>You will receive emails based on what you do in the app that will help you perform what you intended and help you use the app. These emails are called transactional emails and is sent based on rules to each individual. Therefore these emails are not possible to unsubscribe from.<\/p>\n<p>By creating an account you also accept to receive email related to the app Ingmar (our newsletter). E.g. new info about the app, questions &amp; surveys, etc.<\/p>\n<p>If you want to discontinue your subscription of the newsletter, you can always press \"unsubscribe\" in the bottom of the email.<\/p>\n<h3>Remove account and my data<\/h3>\n<p>In the app you can choose to completely remove your account and related data under settings.<\/p>\n<p class=\" translation-block\">Have you already deleted the app but also want to remove your account, then email us at <a class=\"c-link\" href=\"mailto:hello@ingmar.app\" target=\"_self\" rel=\"noopener noreferrer\" data-stringify-link=\"mailto:hello@ingmar.app\" data-sk=\"tooltip_parent\" data-remove-tab-index=\"true\">hello@ingmar.app<\/a> and we will help you with it.<\/p>\n<p class=\" translation-block\">For other questions around handling of your personal data, please contact <a class=\"c-link\" href=\"mailto:hello@ingmar.app\" target=\"_self\" rel=\"noopener noreferrer\" data-stringify-link=\"mailto:hello@ingmar.app\" data-sk=\"tooltip_parent\" data-remove-tab-index=\"true\">hello@ingmar.app<\/a><\/p>\n<p><!-- \/wp:heading --><\/p>\t\t\t\t\t<\/div>\n\t\t\t\t\t\t<\/div>\n\t\t\t\t<\/div>\n\t\t\t\t\t\t<\/div>\n\t\t\t\t\t<\/div>\n\t\t<\/div>\n\t\t\t\t\t\t\t\t<\/div>\n\t\t\t\t\t<\/div>\n\t\t<\/section>\n\t\t\t\t\t\t\t\t\t<\/div>\n\t\t\t<\/div>\n\t\t\t\t\t<\/div>","protected":false},"excerpt":{"rendered":"<p>Informationen vi sparar om dig som registrerat ett konto i appen g\u00f6rs f\u00f6r att Kunna identifiera dig och logga in dig Kunna personalisera appen&nbsp;och hj\u00e4lpa dig uppt\u00e4cka funktionalitet F\u00f6r att kunna spara det du g\u00f6r i appen och att du ska kunna komma \u00e5t ditt konto oavsett enhet F\u00f6r att kunna anv\u00e4nda appens funktionalitet F\u00f6r &hellip;<\/p>\n<p class=\"read-more\"> <a class=\"\" href=\"https:\/\/ingmar.app\/en\/villkor\/\"> <span class=\"screen-reader-text\">Integrity and privacy policy<\/span> Read More &raquo;<\/a><\/p>","protected":false},"author":1,"featured_media":0,"parent":0,"menu_order":0,"comment_status":"closed","ping_status":"open","template":"elementor_header_footer","meta":{"site-sidebar-layout":"no-sidebar","site-content-layout":"default","ast-main-header-display":"","ast-hfb-above-header-display":"","ast-hfb-below-header-display":"","ast-hfb-mobile-header-display":"","site-post-title":"","ast-breadcrumbs-content":"","ast-featured-img":"","footer-sml-layout":"","theme-transparent-header-meta":"default","adv-header-id-meta":"","stick-header-meta":"","header-above-stick-meta":"","header-main-stick-meta":"","header-below-stick-meta":"","spay_email":""},"yoast_head":"<!-- This site is optimized with the Yoast SEO plugin v17.6 - https:\/\/yoast.com\/wordpress\/plugins\/seo\/ -->\n<title>Integritets-och cookiepolicy - Ingmar App - Recept med dina ingredienser<\/title>\n<meta name=\"robots\" content=\"index, follow, max-snippet:-1, max-image-preview:large, max-video-preview:-1\" \/>\n<link rel=\"canonical\" href=\"https:\/\/ingmar.app\/en\/villkor\/\" \/>\n<meta property=\"og:locale\" content=\"en_US\" \/>\n<meta property=\"og:type\" content=\"article\" \/>\n<meta property=\"og:title\" content=\"Integritets-och cookiepolicy - Ingmar App - Recept med dina ingredienser\" \/>\n<meta property=\"og:description\" content=\"Informationen vi sparar om dig som registrerat ett konto i appen g\u00f6rs f\u00f6r att Kunna identifiera dig och logga in dig Kunna personalisera appen&nbsp;och hj\u00e4lpa dig uppt\u00e4cka funktionalitet F\u00f6r att kunna spara det du g\u00f6r i appen och att du ska kunna komma \u00e5t ditt konto oavsett enhet F\u00f6r att kunna anv\u00e4nda appens funktionalitet F\u00f6r &hellip; Integritets-och cookiepolicy Read More &raquo;\" \/>\n<meta property=\"og:url\" content=\"https:\/\/ingmar.app\/en\/villkor\/\" \/>\n<meta property=\"og:site_name\" content=\"Ingmar App - Recept med dina ingredienser\" \/>\n<meta property=\"article:modified_time\" content=\"2022-10-10T08:43:42+00:00\" \/>\n<meta property=\"og:image\" content=\"https:\/\/ingmar.app\/wp-content\/uploads\/2020\/03\/89355333_193003878692460_2013209969461035008_n.png\" \/>\n\t<meta property=\"og:image:width\" content=\"727\" \/>\n\t<meta property=\"og:image:height\" content=\"929\" \/>\n<meta name=\"twitter:card\" content=\"summary_large_image\" \/>\n<meta name=\"twitter:label1\" content=\"Est. reading time\" \/>\n\t<meta name=\"twitter:data1\" content=\"3 minutes\" \/>\n<script type=\"application\/ld+json\" class=\"yoast-schema-graph\">{\"@context\":\"https:\/\/schema.org\",\"@graph\":[{\"@type\":\"Organization\",\"@id\":\"https:\/\/ingmar.app\/#organization\",\"name\":\"Ingmar app\",\"url\":\"https:\/\/ingmar.app\/\",\"sameAs\":[],\"logo\":{\"@type\":\"ImageObject\",\"@id\":\"https:\/\/ingmar.app\/#logo\",\"inLanguage\":\"en-US\",\"url\":\"https:\/\/ingmar.app\/wp-content\/uploads\/2020\/03\/89355333_193003878692460_2013209969461035008_n.png\",\"contentUrl\":\"https:\/\/ingmar.app\/wp-content\/uploads\/2020\/03\/89355333_193003878692460_2013209969461035008_n.png\",\"width\":727,\"height\":929,\"caption\":\"Ingmar app\"},\"image\":{\"@id\":\"https:\/\/ingmar.app\/#logo\"}},{\"@type\":\"WebSite\",\"@id\":\"https:\/\/ingmar.app\/#website\",\"url\":\"https:\/\/ingmar.app\/\",\"name\":\"Ingmar App - Recept med dina ingredienser\",\"description\":\"Appen med middagstips och ink\\u00f6pslista utifr\\u00e5n dina ingredienser\",\"publisher\":{\"@id\":\"https:\/\/ingmar.app\/#organization\"},\"potentialAction\":[{\"@type\":\"SearchAction\",\"target\":{\"@type\":\"EntryPoint\",\"urlTemplate\":\"https:\/\/ingmar.app\/?s={search_term_string}\"},\"query-input\":\"required name=search_term_string\"}],\"inLanguage\":\"en-US\"},{\"@type\":\"WebPage\",\"@id\":\"https:\/\/ingmar.app\/villkor\/#webpage\",\"url\":\"https:\/\/ingmar.app\/villkor\/\",\"name\":\"Integritets-och cookiepolicy - Ingmar App - Recept med dina ingredienser\",\"isPartOf\":{\"@id\":\"https:\/\/ingmar.app\/#website\"},\"datePublished\":\"2020-02-23T08:39:05+00:00\",\"dateModified\":\"2022-10-10T08:43:42+00:00\",\"breadcrumb\":{\"@id\":\"https:\/\/ingmar.app\/villkor\/#breadcrumb\"},\"inLanguage\":\"en-US\",\"potentialAction\":[{\"@type\":\"ReadAction\",\"target\":[\"https:\/\/ingmar.app\/villkor\/\"]}]},{\"@type\":\"BreadcrumbList\",\"@id\":\"https:\/\/ingmar.app\/villkor\/#breadcrumb\",\"itemListElement\":[{\"@type\":\"ListItem\",\"position\":1,\"name\":\"Home\",\"item\":\"https:\/\/ingmar.app\/\"},{\"@type\":\"ListItem\",\"position\":2,\"name\":\"Integritets-och cookiepolicy\"}]}]}<\/script>\n<!-- \/ Yoast SEO plugin. -->","yoast_head_json":{"title":"Integritets-och cookiepolicy - Ingmar App - Recept med dina ingredienser","robots":{"index":"index","follow":"follow","max-snippet":"max-snippet:-1","max-image-preview":"max-image-preview:large","max-video-preview":"max-video-preview:-1"},"canonical":"https:\/\/ingmar.app\/en\/villkor\/","og_locale":"en_US","og_type":"article","og_title":"Integritets-och cookiepolicy - Ingmar App - Recept med dina ingredienser","og_description":"Informationen vi sparar om dig som registrerat ett konto i appen g\u00f6rs f\u00f6r att Kunna identifiera dig och logga in dig Kunna personalisera appen&nbsp;och hj\u00e4lpa dig uppt\u00e4cka funktionalitet F\u00f6r att kunna spara det du g\u00f6r i appen och att du ska kunna komma \u00e5t ditt konto oavsett enhet F\u00f6r att kunna anv\u00e4nda appens funktionalitet F\u00f6r &hellip; Integritets-och cookiepolicy Read More &raquo;","og_url":"https:\/\/ingmar.app\/en\/villkor\/","og_site_name":"Ingmar App - Recept med dina ingredienser","article_modified_time":"2022-10-10T08:43:42+00:00","og_image":[{"width":727,"height":929,"url":"https:\/\/ingmar.app\/wp-content\/uploads\/2020\/03\/89355333_193003878692460_2013209969461035008_n.png","type":"image\/png"}],"twitter_card":"summary_large_image","twitter_misc":{"Est. reading time":"3 minutes"},"schema":{"@context":"https:\/\/schema.org","@graph":[{"@type":"Organization","@id":"https:\/\/ingmar.app\/#organization","name":"Ingmar app","url":"https:\/\/ingmar.app\/","sameAs":[],"logo":{"@type":"ImageObject","@id":"https:\/\/ingmar.app\/#logo","inLanguage":"en-US","url":"https:\/\/ingmar.app\/wp-content\/uploads\/2020\/03\/89355333_193003878692460_2013209969461035008_n.png","contentUrl":"https:\/\/ingmar.app\/wp-content\/uploads\/2020\/03\/89355333_193003878692460_2013209969461035008_n.png","width":727,"height":929,"caption":"Ingmar app"},"image":{"@id":"https:\/\/ingmar.app\/#logo"}},{"@type":"WebSite","@id":"https:\/\/ingmar.app\/#website","url":"https:\/\/ingmar.app\/","name":"Ingmar App - Recept med dina ingredienser","description":"Appen med middagstips och ink\u00f6pslista utifr\u00e5n dina ingredienser","publisher":{"@id":"https:\/\/ingmar.app\/#organization"},"potentialAction":[{"@type":"SearchAction","target":{"@type":"EntryPoint","urlTemplate":"https:\/\/ingmar.app\/?s={search_term_string}"},"query-input":"required name=search_term_string"}],"inLanguage":"en-US"},{"@type":"WebPage","@id":"https:\/\/ingmar.app\/villkor\/#webpage","url":"https:\/\/ingmar.app\/villkor\/","name":"Integritets-och cookiepolicy - Ingmar App - Recept med dina ingredienser","isPartOf":{"@id":"https:\/\/ingmar.app\/#website"},"datePublished":"2020-02-23T08:39:05+00:00","dateModified":"2022-10-10T08:43:42+00:00","breadcrumb":{"@id":"https:\/\/ingmar.app\/villkor\/#breadcrumb"},"inLanguage":"en-US","potentialAction":[{"@type":"ReadAction","target":["https:\/\/ingmar.app\/villkor\/"]}]},{"@type":"BreadcrumbList","@id":"https:\/\/ingmar.app\/villkor\/#breadcrumb","itemListElement":[{"@type":"ListItem","position":1,"name":"Home","item":"https:\/\/ingmar.app\/"},{"@type":"ListItem","position":2,"name":"Integritets-och cookiepolicy"}]}]}},"_links":{"self":[{"href":"https:\/\/ingmar.app\/en\/wp-json\/wp\/v2\/pages\/3"}],"collection":[{"href":"https:\/\/ingmar.app\/en\/wp-json\/wp\/v2\/pages"}],"about":[{"href":"https:\/\/ingmar.app\/en\/wp-json\/wp\/v2\/types\/page"}],"author":[{"embeddable":true,"href":"https:\/\/ingmar.app\/en\/wp-json\/wp\/v2\/users\/1"}],"replies":[{"embeddable":true,"href":"https:\/\/ingmar.app\/en\/wp-json\/wp\/v2\/comments?post=3"}],"version-history":[{"count":39,"href":"https:\/\/ingmar.app\/en\/wp-json\/wp\/v2\/pages\/3\/revisions"}],"predecessor-version":[{"id":5317,"href":"https:\/\/ingmar.app\/en\/wp-json\/wp\/v2\/pages\/3\/revisions\/5317"}],"wp:attachment":[{"href":"https:\/\/ingmar.app\/en\/wp-json\/wp\/v2\/media?parent=3"}],"curies":[{"name":"wp","href":"https:\/\/api.w.org\/{rel}","templated":true}]}}