{"id":451,"date":"2018-11-27T09:17:42","date_gmt":"2018-11-27T09:17:42","guid":{"rendered":"https:\/\/websitedemos.net\/discover-outdoors\/?page_id=7"},"modified":"2021-11-22T08:09:21","modified_gmt":"2021-11-22T07:09:21","slug":"press","status":"publish","type":"page","link":"https:\/\/ingmar.app\/en\/press\/","title":{"rendered":"Press"},"content":{"rendered":"<div data-elementor-type=\"wp-post\" data-elementor-id=\"451\" class=\"elementor elementor-451\">\n\t\t\t\t\t\t<div class=\"elementor-inner\">\n\t\t\t\t<div class=\"elementor-section-wrap\">\n\t\t\t\t\t\t\t\t\t<section class=\"elementor-section elementor-top-section elementor-element elementor-element-7ac9ca5 elementor-section-boxed elementor-section-height-default elementor-section-height-default\" data-id=\"7ac9ca5\" data-element_type=\"section\" data-settings=\"{&quot;background_background&quot;:&quot;classic&quot;,&quot;shape_divider_bottom&quot;:&quot;waves&quot;,&quot;_ha_eqh_enable&quot;:false}\">\n\t\t\t\t\t<div class=\"elementor-shape elementor-shape-bottom\" data-negative=\"false\">\n\t\t\t<svg xmlns=\"http:\/\/www.w3.org\/2000\/svg\" viewbox=\"0 0 1000 100\" preserveaspectratio=\"none\">\n\t<path class=\"elementor-shape-fill\" d=\"M421.9,6.5c22.6-2.5,51.5,0.4,75.5,5.3c23.6,4.9,70.9,23.5,100.5,35.7c75.8,32.2,133.7,44.5,192.6,49.7\tc23.6,2.1,48.7,3.5,103.4-2.5c54.7-6,106.2-25.6,106.2-25.6V0H0v30.3c0,0,72,32.6,158.4,30.5c39.2-0.7,92.8-6.7,134-22.4\tc21.2-8.1,52.2-18.2,79.7-24.2C399.3,7.9,411.6,7.5,421.9,6.5z\"\/>\n<\/svg>\t\t<\/div>\n\t\t\t\t\t<div class=\"elementor-container elementor-column-gap-default\">\n\t\t\t\t\t\t\t<div class=\"elementor-row\">\n\t\t\t\t\t<div class=\"elementor-column elementor-col-33 elementor-top-column elementor-element elementor-element-fc40e94\" data-id=\"fc40e94\" data-element_type=\"column\">\n\t\t\t<div class=\"elementor-column-wrap\">\n\t\t\t\t\t\t\t<div class=\"elementor-widget-wrap\">\n\t\t\t\t\t\t\t\t<\/div>\n\t\t\t\t\t<\/div>\n\t\t<\/div>\n\t\t\t\t<div class=\"elementor-column elementor-col-33 elementor-top-column elementor-element elementor-element-90988fe\" data-id=\"90988fe\" data-element_type=\"column\">\n\t\t\t<div class=\"elementor-column-wrap elementor-element-populated\">\n\t\t\t\t\t\t\t<div class=\"elementor-widget-wrap\">\n\t\t\t\t\t\t<div class=\"elementor-element elementor-element-4a1c612 elementor-widget elementor-widget-heading\" data-id=\"4a1c612\" data-element_type=\"widget\" data-widget_type=\"heading.default\">\n\t\t\t\t<div class=\"elementor-widget-container\">\n\t\t\t<h1 class=\"elementor-heading-title elementor-size-default\">Press<\/h1>\t\t<\/div>\n\t\t\t\t<\/div>\n\t\t\t\t\t\t<\/div>\n\t\t\t\t\t<\/div>\n\t\t<\/div>\n\t\t\t\t<div class=\"elementor-column elementor-col-33 elementor-top-column elementor-element elementor-element-919f5c1\" data-id=\"919f5c1\" data-element_type=\"column\">\n\t\t\t<div class=\"elementor-column-wrap\">\n\t\t\t\t\t\t\t<div class=\"elementor-widget-wrap\">\n\t\t\t\t\t\t\t\t<\/div>\n\t\t\t\t\t<\/div>\n\t\t<\/div>\n\t\t\t\t\t\t\t\t<\/div>\n\t\t\t\t\t<\/div>\n\t\t<\/section>\n\t\t\t\t<section class=\"elementor-section elementor-top-section elementor-element elementor-element-8262e30 elementor-section-content-middle elementor-section-boxed elementor-section-height-default elementor-section-height-default\" data-id=\"8262e30\" data-element_type=\"section\" data-settings=\"{&quot;background_background&quot;:&quot;classic&quot;,&quot;_ha_eqh_enable&quot;:false}\">\n\t\t\t\t\t\t\t<div class=\"elementor-background-overlay\"><\/div>\n\t\t\t\t\t\t\t<div class=\"elementor-container elementor-column-gap-no\">\n\t\t\t\t\t\t\t<div class=\"elementor-row\">\n\t\t\t\t\t<div class=\"elementor-column elementor-col-100 elementor-top-column elementor-element elementor-element-da6ae65\" data-id=\"da6ae65\" data-element_type=\"column\">\n\t\t\t<div class=\"elementor-column-wrap elementor-element-populated\">\n\t\t\t\t\t\t\t<div class=\"elementor-widget-wrap\">\n\t\t\t\t\t\t<section class=\"elementor-section elementor-inner-section elementor-element elementor-element-d8beca6 elementor-section-boxed elementor-section-height-default elementor-section-height-default\" data-id=\"d8beca6\" data-element_type=\"section\" data-settings=\"{&quot;_ha_eqh_enable&quot;:false}\">\n\t\t\t\t\t\t<div class=\"elementor-container elementor-column-gap-default\">\n\t\t\t\t\t\t\t<div class=\"elementor-row\">\n\t\t\t\t\t<div class=\"elementor-column elementor-col-50 elementor-inner-column elementor-element elementor-element-e3075e7\" data-id=\"e3075e7\" data-element_type=\"column\" data-settings=\"{&quot;background_background&quot;:&quot;classic&quot;}\">\n\t\t\t<div class=\"elementor-column-wrap elementor-element-populated\">\n\t\t\t\t\t\t\t<div class=\"elementor-widget-wrap\">\n\t\t\t\t\t\t<div class=\"elementor-element elementor-element-13906dc elementor-widget elementor-widget-heading\" data-id=\"13906dc\" data-element_type=\"widget\" data-widget_type=\"heading.default\">\n\t\t\t\t<div class=\"elementor-widget-container\">\n\t\t\t<h2 class=\"elementor-heading-title elementor-size-default\">Contact us <\/h2>\t\t<\/div>\n\t\t\t\t<\/div>\n\t\t\t\t<div class=\"elementor-element elementor-element-dc11ff2 elementor-widget elementor-widget-text-editor\" data-id=\"dc11ff2\" data-element_type=\"widget\" data-widget_type=\"text-editor.default\">\n\t\t\t\t<div class=\"elementor-widget-container\">\n\t\t\t\t\t\t\t\t<div class=\"elementor-text-editor elementor-clearfix\">\n\t\t\t\t<p>You are more than welcome to contact us through email or use some of our logos or visual materials with our consent. Ingmar owns all logotypes and pictures.<\/p>\t\t\t\t\t<\/div>\n\t\t\t\t\t\t<\/div>\n\t\t\t\t<\/div>\n\t\t\t\t\t\t<\/div>\n\t\t\t\t\t<\/div>\n\t\t<\/div>\n\t\t\t\t<div class=\"elementor-column elementor-col-50 elementor-inner-column elementor-element elementor-element-024f836\" data-id=\"024f836\" data-element_type=\"column\">\n\t\t\t<div class=\"elementor-column-wrap elementor-element-populated\">\n\t\t\t\t\t\t\t<div class=\"elementor-widget-wrap\">\n\t\t\t\t\t\t<div class=\"elementor-element elementor-element-4198751 elementor-widget elementor-widget-heading\" data-id=\"4198751\" data-element_type=\"widget\" data-widget_type=\"heading.default\">\n\t\t\t\t<div class=\"elementor-widget-container\">\n\t\t\t<h2 class=\"elementor-heading-title elementor-size-default\">Contact information<\/h2>\t\t<\/div>\n\t\t\t\t<\/div>\n\t\t\t\t<div class=\"elementor-element elementor-element-35496ea elementor-view-default elementor-vertical-align-top elementor-widget elementor-widget-icon-box\" data-id=\"35496ea\" data-element_type=\"widget\" data-widget_type=\"icon-box.default\">\n\t\t\t\t<div class=\"elementor-widget-container\">\n\t\t\t\t\t<div class=\"elementor-icon-box-wrapper\">\n\t\t\t\t\t\t<div class=\"elementor-icon-box-content\">\n\t\t\t\t<h6 class=\"elementor-icon-box-title\">\n\t\t\t\t\t<span  >\n\t\t\t\t\t\tE-mail\t\t\t\t\t<\/span>\n\t\t\t\t<\/h6>\n\t\t\t\t\t\t\t\t\t<p class=\"elementor-icon-box-description\">\n\t\t\t\t\t\thello@ingmar.app\t\t\t\t\t<\/p>\n\t\t\t\t\t\t\t<\/div>\n\t\t<\/div>\n\t\t\t\t<\/div>\n\t\t\t\t<\/div>\n\t\t\t\t<div class=\"elementor-element elementor-element-af899e3 elementor-view-default elementor-vertical-align-top elementor-widget elementor-widget-icon-box\" data-id=\"af899e3\" data-element_type=\"widget\" data-widget_type=\"icon-box.default\">\n\t\t\t\t<div class=\"elementor-widget-container\">\n\t\t\t\t\t<div class=\"elementor-icon-box-wrapper\">\n\t\t\t\t\t\t<div class=\"elementor-icon-box-content\">\n\t\t\t\t<h6 class=\"elementor-icon-box-title\">\n\t\t\t\t\t<a href=\"https:\/\/ingmar.app\/en\/om-ingmar\/\" >\n\t\t\t\t\t\tOur Team\t\t\t\t\t<\/a>\n\t\t\t\t<\/h6>\n\t\t\t\t\t\t\t\t\t<p class=\"elementor-icon-box-description\">\n\t\t\t\t\t\tRead more about the Team behind Ingmar\t\t\t\t\t<\/p>\n\t\t\t\t\t\t\t<\/div>\n\t\t<\/div>\n\t\t\t\t<\/div>\n\t\t\t\t<\/div>\n\t\t\t\t\t\t<\/div>\n\t\t\t\t\t<\/div>\n\t\t<\/div>\n\t\t\t\t\t\t\t\t<\/div>\n\t\t\t\t\t<\/div>\n\t\t<\/section>\n\t\t\t\t\t\t<\/div>\n\t\t\t\t\t<\/div>\n\t\t<\/div>\n\t\t\t\t\t\t\t\t<\/div>\n\t\t\t\t\t<\/div>\n\t\t<\/section>\n\t\t\t\t<section class=\"elementor-section elementor-top-section elementor-element elementor-element-7755401 elementor-section-boxed elementor-section-height-default elementor-section-height-default\" data-id=\"7755401\" data-element_type=\"section\" data-settings=\"{&quot;background_background&quot;:&quot;classic&quot;,&quot;_ha_eqh_enable&quot;:false}\">\n\t\t\t\t\t\t<div class=\"elementor-container elementor-column-gap-default\">\n\t\t\t\t\t\t\t<div class=\"elementor-row\">\n\t\t\t\t\t<div class=\"elementor-column elementor-col-100 elementor-top-column elementor-element elementor-element-62cdb80\" data-id=\"62cdb80\" data-element_type=\"column\">\n\t\t\t<div class=\"elementor-column-wrap elementor-element-populated\">\n\t\t\t\t\t\t\t<div class=\"elementor-widget-wrap\">\n\t\t\t\t\t\t<section class=\"elementor-section elementor-inner-section elementor-element elementor-element-2bf2167 elementor-section-boxed elementor-section-height-default elementor-section-height-default\" data-id=\"2bf2167\" data-element_type=\"section\" data-settings=\"{&quot;_ha_eqh_enable&quot;:false}\">\n\t\t\t\t\t\t<div class=\"elementor-container elementor-column-gap-default\">\n\t\t\t\t\t\t\t<div class=\"elementor-row\">\n\t\t\t\t\t<div class=\"elementor-column elementor-col-50 elementor-inner-column elementor-element elementor-element-18fda4a\" data-id=\"18fda4a\" data-element_type=\"column\" data-settings=\"{&quot;background_background&quot;:&quot;classic&quot;}\">\n\t\t\t<div class=\"elementor-column-wrap elementor-element-populated\">\n\t\t\t\t\t\t\t<div class=\"elementor-widget-wrap\">\n\t\t\t\t\t\t<div class=\"elementor-element elementor-element-5c1806c elementor-position-top elementor-vertical-align-top elementor-widget elementor-widget-image-box\" data-id=\"5c1806c\" data-element_type=\"widget\" data-widget_type=\"image-box.default\">\n\t\t\t\t<div class=\"elementor-widget-container\">\n\t\t\t<div class=\"elementor-image-box-wrapper\"><figure class=\"elementor-image-box-img\"><a href=\"https:\/\/drive.google.com\/drive\/folders\/1eTSmUrLp2_6_ImggVQLmoj1aqvW0wD5N?usp=sharing\"><img width=\"1080\" height=\"1080\" src=\"https:\/\/ingmar.app\/wp-content\/uploads\/2020\/03\/89252613_198862907882436_2990179566032519168_n.png\" class=\"attachment-full size-full\" alt=\"ingmar\" loading=\"lazy\" \/><\/a><\/figure><div class=\"elementor-image-box-content\"><h3 class=\"elementor-image-box-title\"><a href=\"https:\/\/drive.google.com\/drive\/folders\/1eTSmUrLp2_6_ImggVQLmoj1aqvW0wD5N?usp=sharing\">Press kit<\/a><\/h3><p class=\"elementor-image-box-description\">Find images, press release, etc<\/p><\/div><\/div>\t\t<\/div>\n\t\t\t\t<\/div>\n\t\t\t\t\t\t<\/div>\n\t\t\t\t\t<\/div>\n\t\t<\/div>\n\t\t\t\t<div class=\"elementor-column elementor-col-50 elementor-inner-column elementor-element elementor-element-79adc29\" data-id=\"79adc29\" data-element_type=\"column\" data-settings=\"{&quot;background_background&quot;:&quot;classic&quot;}\">\n\t\t\t<div class=\"elementor-column-wrap elementor-element-populated\">\n\t\t\t\t\t\t\t<div class=\"elementor-widget-wrap\">\n\t\t\t\t\t\t<div class=\"elementor-element elementor-element-42a453f elementor-widget elementor-widget-heading\" data-id=\"42a453f\" data-element_type=\"widget\" data-widget_type=\"heading.default\">\n\t\t\t\t<div class=\"elementor-widget-container\">\n\t\t\t<h2 class=\"elementor-heading-title elementor-size-default\">A text about Ingmar<\/h2>\t\t<\/div>\n\t\t\t\t<\/div>\n\t\t\t\t<div class=\"elementor-element elementor-element-0cff160 elementor-widget elementor-widget-text-editor\" data-id=\"0cff160\" data-element_type=\"widget\" data-widget_type=\"text-editor.default\">\n\t\t\t\t<div class=\"elementor-widget-container\">\n\t\t\t\t\t\t\t\t<div class=\"elementor-text-editor elementor-clearfix\">\n\t\t\t\t<p>Ingmar is an app which matches the ingredients you have with recipes you can make right now. It reduces food waste since you base your cooking on what you have instead of what you have to buy. The app will also help people eat more varied and healthy by suggesting new recipes based on what they already have&nbsp;<\/p>\t\t\t\t\t<\/div>\n\t\t\t\t\t\t<\/div>\n\t\t\t\t<\/div>\n\t\t\t\t\t\t<\/div>\n\t\t\t\t\t<\/div>\n\t\t<\/div>\n\t\t\t\t\t\t\t\t<\/div>\n\t\t\t\t\t<\/div>\n\t\t<\/section>\n\t\t\t\t\t\t<\/div>\n\t\t\t\t\t<\/div>\n\t\t<\/div>\n\t\t\t\t\t\t\t\t<\/div>\n\t\t\t\t\t<\/div>\n\t\t<\/section>\n\t\t\t\t\t\t\t\t\t<\/div>\n\t\t\t<\/div>\n\t\t\t\t\t<\/div>","protected":false},"excerpt":{"rendered":"<p>Press Kontakta oss Du f\u00e5r mer \u00e4n g\u00e4rna kontakta oss via mail eller anv\u00e4nda n\u00e5gra av v\u00e5ra loggor eller bildmaterial med v\u00e5rt samtycke. Ingmar \u00e4ger alla logotyper och bilder. Kontaktinformation E-postadress hello@ingmar.app V\u00e5rt team L\u00e4s mer om teamet bakom Ingmar Press kit Hitta bilder, press release, osv Text om Ingmar Ingmar \u00e4r en app som &hellip;<\/p>\n<p class=\"read-more\"> <a class=\"\" href=\"https:\/\/ingmar.app\/en\/press\/\"> <span class=\"screen-reader-text\">Press<\/span> Read More &raquo;<\/a><\/p>","protected":false},"author":1,"featured_media":0,"parent":0,"menu_order":0,"comment_status":"closed","ping_status":"closed","template":"","meta":{"site-sidebar-layout":"no-sidebar","site-content-layout":"page-builder","ast-main-header-display":"","ast-hfb-above-header-display":"","ast-hfb-below-header-display":"","ast-hfb-mobile-header-display":"","site-post-title":"disabled","ast-breadcrumbs-content":"","ast-featured-img":"disabled","footer-sml-layout":"","theme-transparent-header-meta":"enabled","adv-header-id-meta":"","stick-header-meta":"","header-above-stick-meta":"","header-main-stick-meta":"","header-below-stick-meta":"","spay_email":""},"yoast_head":"<!-- This site is optimized with the Yoast SEO plugin v17.6 - https:\/\/yoast.com\/wordpress\/plugins\/seo\/ -->\n<title>Press - Ingmar app - Appen som matchar ingredienser med recept<\/title>\n<meta name=\"description\" content=\"H\u00e4r kan du som journalist, bloggare eller annan skribent hitta pressinformation s\u00e5 som logotyper, bilder och texter som kan hj\u00e4lpa dig i ditt skrivande.\" \/>\n<meta name=\"robots\" content=\"index, follow, max-snippet:-1, max-image-preview:large, max-video-preview:-1\" \/>\n<link rel=\"canonical\" href=\"https:\/\/ingmar.app\/en\/press\/\" \/>\n<meta property=\"og:locale\" content=\"en_US\" \/>\n<meta property=\"og:type\" content=\"article\" \/>\n<meta property=\"og:title\" content=\"Press - Ingmar app - Appen som matchar ingredienser med recept\" \/>\n<meta property=\"og:description\" content=\"H\u00e4r kan du som journalist, bloggare eller annan skribent hitta pressinformation s\u00e5 som logotyper, bilder och texter som kan hj\u00e4lpa dig i ditt skrivande.\" \/>\n<meta property=\"og:url\" content=\"https:\/\/ingmar.app\/en\/press\/\" \/>\n<meta property=\"og:site_name\" content=\"Ingmar App - Recept med dina ingredienser\" \/>\n<meta property=\"article:modified_time\" content=\"2021-11-22T07:09:21+00:00\" \/>\n<meta property=\"og:image\" content=\"https:\/\/ingmar.app\/wp-content\/uploads\/2020\/03\/89252613_198862907882436_2990179566032519168_n.png\" \/>\n<meta name=\"twitter:card\" content=\"summary_large_image\" \/>\n<meta name=\"twitter:label1\" content=\"Est. reading time\" \/>\n\t<meta name=\"twitter:data1\" content=\"1 minute\" \/>\n<script type=\"application\/ld+json\" class=\"yoast-schema-graph\">{\"@context\":\"https:\/\/schema.org\",\"@graph\":[{\"@type\":\"Organization\",\"@id\":\"https:\/\/ingmar.app\/#organization\",\"name\":\"Ingmar app\",\"url\":\"https:\/\/ingmar.app\/\",\"sameAs\":[],\"logo\":{\"@type\":\"ImageObject\",\"@id\":\"https:\/\/ingmar.app\/#logo\",\"inLanguage\":\"en-US\",\"url\":\"https:\/\/ingmar.app\/wp-content\/uploads\/2020\/03\/89355333_193003878692460_2013209969461035008_n.png\",\"contentUrl\":\"https:\/\/ingmar.app\/wp-content\/uploads\/2020\/03\/89355333_193003878692460_2013209969461035008_n.png\",\"width\":727,\"height\":929,\"caption\":\"Ingmar app\"},\"image\":{\"@id\":\"https:\/\/ingmar.app\/#logo\"}},{\"@type\":\"WebSite\",\"@id\":\"https:\/\/ingmar.app\/#website\",\"url\":\"https:\/\/ingmar.app\/\",\"name\":\"Ingmar App - Recept med dina ingredienser\",\"description\":\"Appen med middagstips och ink\\u00f6pslista utifr\\u00e5n dina ingredienser\",\"publisher\":{\"@id\":\"https:\/\/ingmar.app\/#organization\"},\"potentialAction\":[{\"@type\":\"SearchAction\",\"target\":{\"@type\":\"EntryPoint\",\"urlTemplate\":\"https:\/\/ingmar.app\/?s={search_term_string}\"},\"query-input\":\"required name=search_term_string\"}],\"inLanguage\":\"en-US\"},{\"@type\":\"ImageObject\",\"@id\":\"https:\/\/ingmar.app\/press\/#primaryimage\",\"inLanguage\":\"en-US\",\"url\":\"https:\/\/ingmar.app\/wp-content\/uploads\/2020\/03\/89252613_198862907882436_2990179566032519168_n.png\",\"contentUrl\":\"https:\/\/ingmar.app\/wp-content\/uploads\/2020\/03\/89252613_198862907882436_2990179566032519168_n.png\",\"width\":1080,\"height\":1080,\"caption\":\"ingmar\"},{\"@type\":\"WebPage\",\"@id\":\"https:\/\/ingmar.app\/press\/#webpage\",\"url\":\"https:\/\/ingmar.app\/press\/\",\"name\":\"Press - Ingmar app - Appen som matchar ingredienser med recept\",\"isPartOf\":{\"@id\":\"https:\/\/ingmar.app\/#website\"},\"primaryImageOfPage\":{\"@id\":\"https:\/\/ingmar.app\/press\/#primaryimage\"},\"datePublished\":\"2018-11-27T09:17:42+00:00\",\"dateModified\":\"2021-11-22T07:09:21+00:00\",\"description\":\"H\\u00e4r kan du som journalist, bloggare eller annan skribent hitta pressinformation s\\u00e5 som logotyper, bilder och texter som kan hj\\u00e4lpa dig i ditt skrivande.\",\"breadcrumb\":{\"@id\":\"https:\/\/ingmar.app\/press\/#breadcrumb\"},\"inLanguage\":\"en-US\",\"potentialAction\":[{\"@type\":\"ReadAction\",\"target\":[\"https:\/\/ingmar.app\/press\/\"]}]},{\"@type\":\"BreadcrumbList\",\"@id\":\"https:\/\/ingmar.app\/press\/#breadcrumb\",\"itemListElement\":[{\"@type\":\"ListItem\",\"position\":1,\"name\":\"Home\",\"item\":\"https:\/\/ingmar.app\/\"},{\"@type\":\"ListItem\",\"position\":2,\"name\":\"Press\"}]}]}<\/script>\n<!-- \/ Yoast SEO plugin. -->","yoast_head_json":{"title":"Press - Ingmar app - Appen som matchar ingredienser med recept","description":"H\u00e4r kan du som journalist, bloggare eller annan skribent hitta pressinformation s\u00e5 som logotyper, bilder och texter som kan hj\u00e4lpa dig i ditt skrivande.","robots":{"index":"index","follow":"follow","max-snippet":"max-snippet:-1","max-image-preview":"max-image-preview:large","max-video-preview":"max-video-preview:-1"},"canonical":"https:\/\/ingmar.app\/en\/press\/","og_locale":"en_US","og_type":"article","og_title":"Press - Ingmar app - Appen som matchar ingredienser med recept","og_description":"H\u00e4r kan du som journalist, bloggare eller annan skribent hitta pressinformation s\u00e5 som logotyper, bilder och texter som kan hj\u00e4lpa dig i ditt skrivande.","og_url":"https:\/\/ingmar.app\/en\/press\/","og_site_name":"Ingmar App - Recept med dina ingredienser","article_modified_time":"2021-11-22T07:09:21+00:00","og_image":[{"url":"https:\/\/ingmar.app\/wp-content\/uploads\/2020\/03\/89252613_198862907882436_2990179566032519168_n.png"}],"twitter_card":"summary_large_image","twitter_misc":{"Est. reading time":"1 minute"},"schema":{"@context":"https:\/\/schema.org","@graph":[{"@type":"Organization","@id":"https:\/\/ingmar.app\/#organization","name":"Ingmar app","url":"https:\/\/ingmar.app\/","sameAs":[],"logo":{"@type":"ImageObject","@id":"https:\/\/ingmar.app\/#logo","inLanguage":"en-US","url":"https:\/\/ingmar.app\/wp-content\/uploads\/2020\/03\/89355333_193003878692460_2013209969461035008_n.png","contentUrl":"https:\/\/ingmar.app\/wp-content\/uploads\/2020\/03\/89355333_193003878692460_2013209969461035008_n.png","width":727,"height":929,"caption":"Ingmar app"},"image":{"@id":"https:\/\/ingmar.app\/#logo"}},{"@type":"WebSite","@id":"https:\/\/ingmar.app\/#website","url":"https:\/\/ingmar.app\/","name":"Ingmar App - Recept med dina ingredienser","description":"Appen med middagstips och ink\u00f6pslista utifr\u00e5n dina ingredienser","publisher":{"@id":"https:\/\/ingmar.app\/#organization"},"potentialAction":[{"@type":"SearchAction","target":{"@type":"EntryPoint","urlTemplate":"https:\/\/ingmar.app\/?s={search_term_string}"},"query-input":"required name=search_term_string"}],"inLanguage":"en-US"},{"@type":"ImageObject","@id":"https:\/\/ingmar.app\/press\/#primaryimage","inLanguage":"en-US","url":"https:\/\/ingmar.app\/wp-content\/uploads\/2020\/03\/89252613_198862907882436_2990179566032519168_n.png","contentUrl":"https:\/\/ingmar.app\/wp-content\/uploads\/2020\/03\/89252613_198862907882436_2990179566032519168_n.png","width":1080,"height":1080,"caption":"ingmar"},{"@type":"WebPage","@id":"https:\/\/ingmar.app\/press\/#webpage","url":"https:\/\/ingmar.app\/press\/","name":"Press - Ingmar app - Appen som matchar ingredienser med recept","isPartOf":{"@id":"https:\/\/ingmar.app\/#website"},"primaryImageOfPage":{"@id":"https:\/\/ingmar.app\/press\/#primaryimage"},"datePublished":"2018-11-27T09:17:42+00:00","dateModified":"2021-11-22T07:09:21+00:00","description":"H\u00e4r kan du som journalist, bloggare eller annan skribent hitta pressinformation s\u00e5 som logotyper, bilder och texter som kan hj\u00e4lpa dig i ditt skrivande.","breadcrumb":{"@id":"https:\/\/ingmar.app\/press\/#breadcrumb"},"inLanguage":"en-US","potentialAction":[{"@type":"ReadAction","target":["https:\/\/ingmar.app\/press\/"]}]},{"@type":"BreadcrumbList","@id":"https:\/\/ingmar.app\/press\/#breadcrumb","itemListElement":[{"@type":"ListItem","position":1,"name":"Home","item":"https:\/\/ingmar.app\/"},{"@type":"ListItem","position":2,"name":"Press"}]}]}},"_links":{"self":[{"href":"https:\/\/ingmar.app\/en\/wp-json\/wp\/v2\/pages\/451"}],"collection":[{"href":"https:\/\/ingmar.app\/en\/wp-json\/wp\/v2\/pages"}],"about":[{"href":"https:\/\/ingmar.app\/en\/wp-json\/wp\/v2\/types\/page"}],"author":[{"embeddable":true,"href":"https:\/\/ingmar.app\/en\/wp-json\/wp\/v2\/users\/1"}],"replies":[{"embeddable":true,"href":"https:\/\/ingmar.app\/en\/wp-json\/wp\/v2\/comments?post=451"}],"version-history":[{"count":20,"href":"https:\/\/ingmar.app\/en\/wp-json\/wp\/v2\/pages\/451\/revisions"}],"predecessor-version":[{"id":5111,"href":"https:\/\/ingmar.app\/en\/wp-json\/wp\/v2\/pages\/451\/revisions\/5111"}],"wp:attachment":[{"href":"https:\/\/ingmar.app\/en\/wp-json\/wp\/v2\/media?parent=451"}],"curies":[{"name":"wp","href":"https:\/\/api.w.org\/{rel}","templated":true}]}}