{"id":4551,"date":"2021-11-12T09:41:25","date_gmt":"2021-11-12T08:41:25","guid":{"rendered":"https:\/\/ingmar.app\/?page_id=4551"},"modified":"2021-11-22T08:08:11","modified_gmt":"2021-11-22T07:08:11","slug":"intresseanmalan-magneter","status":"publish","type":"page","link":"https:\/\/ingmar.app\/en\/intresseanmalan-magneter\/","title":{"rendered":"Intresseanm\u00e4lan &#8211; kylsk\u00e5psmagneter fr\u00e5n Ingmar"},"content":{"rendered":"<div data-elementor-type=\"wp-page\" data-elementor-id=\"4551\" class=\"elementor elementor-4551\">\n\t\t\t\t\t\t<div class=\"elementor-inner\">\n\t\t\t\t<div class=\"elementor-section-wrap\">\n\t\t\t\t\t\t\t\t\t<header class=\"elementor-section elementor-top-section elementor-element elementor-element-4cfa6b8 elementor-section-stretched elementor-section-content-middle elementor-section-height-full elementor-section-boxed elementor-section-height-default elementor-section-items-middle\" data-id=\"4cfa6b8\" data-element_type=\"section\" data-settings=\"{&quot;stretch_section&quot;:&quot;section-stretched&quot;,&quot;background_background&quot;:&quot;classic&quot;,&quot;_ha_eqh_enable&quot;:false}\">\n\t\t\t\t\t\t\t<div class=\"elementor-background-overlay\"><\/div>\n\t\t\t\t\t\t\t<div class=\"elementor-container elementor-column-gap-no\">\n\t\t\t\t\t\t\t<div class=\"elementor-row\">\n\t\t\t\t\t<div class=\"elementor-column elementor-col-100 elementor-top-column elementor-element elementor-element-00fdce9\" data-id=\"00fdce9\" data-element_type=\"column\" data-settings=\"{&quot;background_background&quot;:&quot;classic&quot;}\">\n\t\t\t<div class=\"elementor-column-wrap elementor-element-populated\">\n\t\t\t\t\t\t\t<div class=\"elementor-widget-wrap\">\n\t\t\t\t\t\t<div class=\"elementor-element elementor-element-0e42318 elementor-widget elementor-widget-heading\" data-id=\"0e42318\" data-element_type=\"widget\" data-widget_type=\"heading.default\">\n\t\t\t\t<div class=\"elementor-widget-container\">\n\t\t\t<h1 class=\"elementor-heading-title elementor-size-default\">Magneter med recept fr\u00e5n Ingmar<\/h1>\t\t<\/div>\n\t\t\t\t<\/div>\n\t\t\t\t<div class=\"elementor-element elementor-element-5b7cc15 elementor-widget elementor-widget-text-editor\" data-id=\"5b7cc15\" data-element_type=\"widget\" data-no-translation=\"\" data-widget_type=\"text-editor.default\">\n\t\t\t\t<div class=\"elementor-widget-container\">\n\t\t\t<style>.elementor-element-5b7cc15{display:none !important}<\/style>\t\t<\/div>\n\t\t\t\t<\/div>\n\t\t\t\t\t\t<\/div>\n\t\t\t\t\t<\/div>\n\t\t<\/div>\n\t\t\t\t\t\t\t\t<\/div>\n\t\t\t\t\t<\/div>\n\t\t<\/header>\n\t\t\t\t\t\t\t\t\t<\/div>\n\t\t\t<\/div>\n\t\t\t\t\t<\/div>","protected":false},"excerpt":{"rendered":"<p>Magneter med recept fr\u00e5n Ingmar 50 % rabatt om du skriver upp dig p\u00e5 v\u00e4ntelistan!<\/p>","protected":false},"author":1,"featured_media":0,"parent":0,"menu_order":0,"comment_status":"closed","ping_status":"closed","template":"","meta":{"site-sidebar-layout":"no-sidebar","site-content-layout":"page-builder","ast-main-header-display":"","ast-hfb-above-header-display":"","ast-hfb-below-header-display":"","ast-hfb-mobile-header-display":"","site-post-title":"disabled","ast-breadcrumbs-content":"","ast-featured-img":"disabled","footer-sml-layout":"","theme-transparent-header-meta":"default","adv-header-id-meta":"","stick-header-meta":"","header-above-stick-meta":"","header-main-stick-meta":"","header-below-stick-meta":"","spay_email":""},"yoast_head":"<!-- This site is optimized with the Yoast SEO plugin v17.6 - https:\/\/yoast.com\/wordpress\/plugins\/seo\/ -->\n<title>Intresseanm\u00e4lan - kylsk\u00e5psmagneter fr\u00e5n Ingmar - Ingmar App - Recept med dina ingredienser<\/title>\n<meta name=\"robots\" content=\"index, follow, max-snippet:-1, max-image-preview:large, max-video-preview:-1\" \/>\n<link rel=\"canonical\" href=\"https:\/\/ingmar.app\/en\/intresseanmalan-magneter\/\" \/>\n<meta property=\"og:locale\" content=\"en_US\" \/>\n<meta property=\"og:type\" content=\"article\" \/>\n<meta property=\"og:title\" content=\"Intresseanm\u00e4lan - kylsk\u00e5psmagneter fr\u00e5n Ingmar - Ingmar App - Recept med dina ingredienser\" \/>\n<meta property=\"og:description\" content=\"Magneter med recept fr\u00e5n Ingmar 50 % rabatt om du skriver upp dig p\u00e5 v\u00e4ntelistan!\" \/>\n<meta property=\"og:url\" content=\"https:\/\/ingmar.app\/en\/intresseanmalan-magneter\/\" \/>\n<meta property=\"og:site_name\" content=\"Ingmar App - Recept med dina ingredienser\" \/>\n<meta property=\"article:modified_time\" content=\"2021-11-22T07:08:11+00:00\" \/>\n<meta property=\"og:image\" content=\"https:\/\/ingmar.app\/wp-content\/uploads\/2020\/03\/89355333_193003878692460_2013209969461035008_n.png\" \/>\n\t<meta property=\"og:image:width\" content=\"727\" \/>\n\t<meta property=\"og:image:height\" content=\"929\" \/>\n<meta name=\"twitter:card\" content=\"summary_large_image\" \/>\n<meta name=\"twitter:label1\" content=\"Est. reading time\" \/>\n\t<meta name=\"twitter:data1\" content=\"1 minute\" \/>\n<script type=\"application\/ld+json\" class=\"yoast-schema-graph\">{\"@context\":\"https:\/\/schema.org\",\"@graph\":[{\"@type\":\"Organization\",\"@id\":\"https:\/\/ingmar.app\/#organization\",\"name\":\"Ingmar app\",\"url\":\"https:\/\/ingmar.app\/\",\"sameAs\":[],\"logo\":{\"@type\":\"ImageObject\",\"@id\":\"https:\/\/ingmar.app\/#logo\",\"inLanguage\":\"en-US\",\"url\":\"https:\/\/ingmar.app\/wp-content\/uploads\/2020\/03\/89355333_193003878692460_2013209969461035008_n.png\",\"contentUrl\":\"https:\/\/ingmar.app\/wp-content\/uploads\/2020\/03\/89355333_193003878692460_2013209969461035008_n.png\",\"width\":727,\"height\":929,\"caption\":\"Ingmar app\"},\"image\":{\"@id\":\"https:\/\/ingmar.app\/#logo\"}},{\"@type\":\"WebSite\",\"@id\":\"https:\/\/ingmar.app\/#website\",\"url\":\"https:\/\/ingmar.app\/\",\"name\":\"Ingmar App - Recept med dina ingredienser\",\"description\":\"Appen med middagstips och ink\\u00f6pslista utifr\\u00e5n dina ingredienser\",\"publisher\":{\"@id\":\"https:\/\/ingmar.app\/#organization\"},\"potentialAction\":[{\"@type\":\"SearchAction\",\"target\":{\"@type\":\"EntryPoint\",\"urlTemplate\":\"https:\/\/ingmar.app\/?s={search_term_string}\"},\"query-input\":\"required name=search_term_string\"}],\"inLanguage\":\"en-US\"},{\"@type\":\"WebPage\",\"@id\":\"https:\/\/ingmar.app\/intresseanmalan-magneter\/#webpage\",\"url\":\"https:\/\/ingmar.app\/intresseanmalan-magneter\/\",\"name\":\"Intresseanm\\u00e4lan - kylsk\\u00e5psmagneter fr\\u00e5n Ingmar - Ingmar App - Recept med dina ingredienser\",\"isPartOf\":{\"@id\":\"https:\/\/ingmar.app\/#website\"},\"datePublished\":\"2021-11-12T08:41:25+00:00\",\"dateModified\":\"2021-11-22T07:08:11+00:00\",\"breadcrumb\":{\"@id\":\"https:\/\/ingmar.app\/intresseanmalan-magneter\/#breadcrumb\"},\"inLanguage\":\"en-US\",\"potentialAction\":[{\"@type\":\"ReadAction\",\"target\":[\"https:\/\/ingmar.app\/intresseanmalan-magneter\/\"]}]},{\"@type\":\"BreadcrumbList\",\"@id\":\"https:\/\/ingmar.app\/intresseanmalan-magneter\/#breadcrumb\",\"itemListElement\":[{\"@type\":\"ListItem\",\"position\":1,\"name\":\"Home\",\"item\":\"https:\/\/ingmar.app\/\"},{\"@type\":\"ListItem\",\"position\":2,\"name\":\"Intresseanm\\u00e4lan &#8211; kylsk\\u00e5psmagneter fr\\u00e5n Ingmar\"}]}]}<\/script>\n<!-- \/ Yoast SEO plugin. -->","yoast_head_json":{"title":"Intresseanm\u00e4lan - kylsk\u00e5psmagneter fr\u00e5n Ingmar - Ingmar App - Recept med dina ingredienser","robots":{"index":"index","follow":"follow","max-snippet":"max-snippet:-1","max-image-preview":"max-image-preview:large","max-video-preview":"max-video-preview:-1"},"canonical":"https:\/\/ingmar.app\/en\/intresseanmalan-magneter\/","og_locale":"en_US","og_type":"article","og_title":"Intresseanm\u00e4lan - kylsk\u00e5psmagneter fr\u00e5n Ingmar - Ingmar App - Recept med dina ingredienser","og_description":"Magneter med recept fr\u00e5n Ingmar 50 % rabatt om du skriver upp dig p\u00e5 v\u00e4ntelistan!","og_url":"https:\/\/ingmar.app\/en\/intresseanmalan-magneter\/","og_site_name":"Ingmar App - Recept med dina ingredienser","article_modified_time":"2021-11-22T07:08:11+00:00","og_image":[{"width":727,"height":929,"url":"https:\/\/ingmar.app\/wp-content\/uploads\/2020\/03\/89355333_193003878692460_2013209969461035008_n.png","type":"image\/png"}],"twitter_card":"summary_large_image","twitter_misc":{"Est. reading time":"1 minute"},"schema":{"@context":"https:\/\/schema.org","@graph":[{"@type":"Organization","@id":"https:\/\/ingmar.app\/#organization","name":"Ingmar app","url":"https:\/\/ingmar.app\/","sameAs":[],"logo":{"@type":"ImageObject","@id":"https:\/\/ingmar.app\/#logo","inLanguage":"en-US","url":"https:\/\/ingmar.app\/wp-content\/uploads\/2020\/03\/89355333_193003878692460_2013209969461035008_n.png","contentUrl":"https:\/\/ingmar.app\/wp-content\/uploads\/2020\/03\/89355333_193003878692460_2013209969461035008_n.png","width":727,"height":929,"caption":"Ingmar app"},"image":{"@id":"https:\/\/ingmar.app\/#logo"}},{"@type":"WebSite","@id":"https:\/\/ingmar.app\/#website","url":"https:\/\/ingmar.app\/","name":"Ingmar App - Recept med dina ingredienser","description":"Appen med middagstips och ink\u00f6pslista utifr\u00e5n dina ingredienser","publisher":{"@id":"https:\/\/ingmar.app\/#organization"},"potentialAction":[{"@type":"SearchAction","target":{"@type":"EntryPoint","urlTemplate":"https:\/\/ingmar.app\/?s={search_term_string}"},"query-input":"required name=search_term_string"}],"inLanguage":"en-US"},{"@type":"WebPage","@id":"https:\/\/ingmar.app\/intresseanmalan-magneter\/#webpage","url":"https:\/\/ingmar.app\/intresseanmalan-magneter\/","name":"Intresseanm\u00e4lan - kylsk\u00e5psmagneter fr\u00e5n Ingmar - Ingmar App - Recept med dina ingredienser","isPartOf":{"@id":"https:\/\/ingmar.app\/#website"},"datePublished":"2021-11-12T08:41:25+00:00","dateModified":"2021-11-22T07:08:11+00:00","breadcrumb":{"@id":"https:\/\/ingmar.app\/intresseanmalan-magneter\/#breadcrumb"},"inLanguage":"en-US","potentialAction":[{"@type":"ReadAction","target":["https:\/\/ingmar.app\/intresseanmalan-magneter\/"]}]},{"@type":"BreadcrumbList","@id":"https:\/\/ingmar.app\/intresseanmalan-magneter\/#breadcrumb","itemListElement":[{"@type":"ListItem","position":1,"name":"Home","item":"https:\/\/ingmar.app\/"},{"@type":"ListItem","position":2,"name":"Intresseanm\u00e4lan &#8211; kylsk\u00e5psmagneter fr\u00e5n Ingmar"}]}]}},"_links":{"self":[{"href":"https:\/\/ingmar.app\/en\/wp-json\/wp\/v2\/pages\/4551"}],"collection":[{"href":"https:\/\/ingmar.app\/en\/wp-json\/wp\/v2\/pages"}],"about":[{"href":"https:\/\/ingmar.app\/en\/wp-json\/wp\/v2\/types\/page"}],"author":[{"embeddable":true,"href":"https:\/\/ingmar.app\/en\/wp-json\/wp\/v2\/users\/1"}],"replies":[{"embeddable":true,"href":"https:\/\/ingmar.app\/en\/wp-json\/wp\/v2\/comments?post=4551"}],"version-history":[{"count":62,"href":"https:\/\/ingmar.app\/en\/wp-json\/wp\/v2\/pages\/4551\/revisions"}],"predecessor-version":[{"id":5092,"href":"https:\/\/ingmar.app\/en\/wp-json\/wp\/v2\/pages\/4551\/revisions\/5092"}],"wp:attachment":[{"href":"https:\/\/ingmar.app\/en\/wp-json\/wp\/v2\/media?parent=4551"}],"curies":[{"name":"wp","href":"https:\/\/api.w.org\/{rel}","templated":true}]}}