{"id":4869,"date":"2021-11-21T17:03:40","date_gmt":"2021-11-21T16:03:40","guid":{"rendered":"https:\/\/ingmar.app\/?post_type=product&#038;p=4869"},"modified":"2024-12-14T15:07:16","modified_gmt":"2024-12-14T14:07:16","slug":"kylskapsmagneter-med-recept","status":"publish","type":"product","link":"https:\/\/ingmar.app\/en\/product\/kylskapsmagneter-med-recept\/","title":{"rendered":"Kylsk\u00e5psmagneter med recept"},"content":{"rendered":"<p class=\"p1\"><span class=\"s1\">Veckoplanera vardagsmaten p\u00e5 ett roligare s\u00e4tt. K\u00f6p dessa magneter till kylsk\u00e5pet med 20 av de popul\u00e4raste barnv\u00e4nliga recepten<\/span><\/p>\n<p class=\"p1\"><span class=\"s1\">\u00c4r du f\u00f6r\u00e4lder med kr\u00e4sna barn?<br \/>\nMen tr\u00f6tt p\u00e5 samma mat om och om igen?<\/span><\/p>\n<p class=\"p1\"><span class=\"s1\">Med receptmagneterna kan du b\u00e5de involvera barnen i planeringen och f\u00e5 hela familjen att \u00e4ta lite mer varierat!<\/span><\/p>\n<p>Alla recept kommer med QR kod som leder till receptet p\u00e5 Ingmars blogg. Bara att rikta kameran mot QR koden s\u00e5 kommer du snabbt in till receptet och kan se om det \u00e4r n\u00e5gra ingredienser som beh\u00f6ver handlas. Smidigt n\u00e4r det \u00e4r dags att laga mat att snabbt ha hela receptet framf\u00f6r sig.<\/p>\n<p>19 av de 20 recepten kan enkelt g\u00f6ras vegetariska.<\/p>","protected":false},"excerpt":{"rendered":"<p>Veckoplanera vardagsmaten p\u00e5 ett roligare s\u00e4tt. K\u00f6p dessa magneter till kylsk\u00e5pet med 20 av de popul\u00e4raste barnv\u00e4nliga recepten \u00c4r du f\u00f6r\u00e4lder med kr\u00e4sna barn? Men tr\u00f6tt p\u00e5 samma mat om och om igen? Med receptmagneterna kan du b\u00e5de involvera barnen i planeringen och f\u00e5 hela familjen att \u00e4ta lite mer varierat! Alla recept kommer med &hellip;<\/p>\n<p class=\"read-more\"> <a class=\"\" href=\"https:\/\/ingmar.app\/en\/product\/kylskapsmagneter-med-recept\/\"> <span class=\"screen-reader-text\">Kylsk\u00e5psmagneter med recept<\/span> Read More &raquo;<\/a><\/p>","protected":false},"featured_media":5142,"comment_status":"open","ping_status":"closed","template":"","meta":{"site-sidebar-layout":"default","site-content-layout":"default","ast-main-header-display":"","ast-hfb-above-header-display":"","ast-hfb-below-header-display":"","ast-hfb-mobile-header-display":"","site-post-title":"","ast-breadcrumbs-content":"","ast-featured-img":"","footer-sml-layout":"","theme-transparent-header-meta":"default","adv-header-id-meta":"","stick-header-meta":"","header-above-stick-meta":"","header-main-stick-meta":"","header-below-stick-meta":"","spay_email":""},"product_cat":[58],"product_tag":[],"yoast_head":"<!-- This site is optimized with the Yoast SEO plugin v17.6 - https:\/\/yoast.com\/wordpress\/plugins\/seo\/ -->\n<title>Kylsk\u00e5psmagneter med recept<\/title>\n<meta name=\"description\" content=\"Veckoplanera vardagsmaten med barnen p\u00e5 ett roligare s\u00e4tt. K\u00f6p dessa magneter till kylsk\u00e5pet med 20 av de popul\u00e4raste barnv\u00e4nliga recepten\" \/>\n<meta name=\"robots\" content=\"index, follow, max-snippet:-1, max-image-preview:large, max-video-preview:-1\" \/>\n<link rel=\"canonical\" href=\"https:\/\/ingmar.app\/en\/product\/kylskapsmagneter-med-recept\/\" \/>\n<meta property=\"og:locale\" content=\"en_US\" \/>\n<meta property=\"og:type\" content=\"article\" \/>\n<meta property=\"og:title\" content=\"Kylsk\u00e5psmagneter med recept\" \/>\n<meta property=\"og:description\" content=\"Veckoplanera vardagsmaten med barnen p\u00e5 ett roligare s\u00e4tt. K\u00f6p dessa magneter till kylsk\u00e5pet med 20 av de popul\u00e4raste barnv\u00e4nliga recepten\" \/>\n<meta property=\"og:url\" content=\"https:\/\/ingmar.app\/en\/product\/kylskapsmagneter-med-recept\/\" \/>\n<meta property=\"og:site_name\" content=\"Ingmar App - Recept med dina ingredienser\" \/>\n<meta property=\"article:modified_time\" content=\"2024-12-14T14:07:16+00:00\" \/>\n<meta property=\"og:image\" content=\"https:\/\/ingmar.app\/wp-content\/uploads\/2021\/11\/Receptmagneterna-2.jpg\" \/>\n\t<meta property=\"og:image:width\" content=\"1013\" \/>\n\t<meta property=\"og:image:height\" content=\"760\" \/>\n<meta name=\"twitter:card\" content=\"summary_large_image\" \/>\n<meta name=\"twitter:label1\" content=\"Est. reading time\" \/>\n\t<meta name=\"twitter:data1\" content=\"1 minute\" \/>\n<script type=\"application\/ld+json\" class=\"yoast-schema-graph\">{\"@context\":\"https:\/\/schema.org\",\"@graph\":[{\"@type\":\"Organization\",\"@id\":\"https:\/\/ingmar.app\/#organization\",\"name\":\"Ingmar app\",\"url\":\"https:\/\/ingmar.app\/\",\"sameAs\":[],\"logo\":{\"@type\":\"ImageObject\",\"@id\":\"https:\/\/ingmar.app\/#logo\",\"inLanguage\":\"en-US\",\"url\":\"https:\/\/ingmar.app\/wp-content\/uploads\/2020\/03\/89355333_193003878692460_2013209969461035008_n.png\",\"contentUrl\":\"https:\/\/ingmar.app\/wp-content\/uploads\/2020\/03\/89355333_193003878692460_2013209969461035008_n.png\",\"width\":727,\"height\":929,\"caption\":\"Ingmar app\"},\"image\":{\"@id\":\"https:\/\/ingmar.app\/#logo\"}},{\"@type\":\"WebSite\",\"@id\":\"https:\/\/ingmar.app\/#website\",\"url\":\"https:\/\/ingmar.app\/\",\"name\":\"Ingmar App - Recept med dina ingredienser\",\"description\":\"Appen med middagstips och ink\\u00f6pslista utifr\\u00e5n dina ingredienser\",\"publisher\":{\"@id\":\"https:\/\/ingmar.app\/#organization\"},\"potentialAction\":[{\"@type\":\"SearchAction\",\"target\":{\"@type\":\"EntryPoint\",\"urlTemplate\":\"https:\/\/ingmar.app\/?s={search_term_string}\"},\"query-input\":\"required name=search_term_string\"}],\"inLanguage\":\"en-US\"},{\"@type\":\"ImageObject\",\"@id\":\"https:\/\/ingmar.app\/product\/kylskapsmagneter-med-recept\/#primaryimage\",\"inLanguage\":\"en-US\",\"url\":\"https:\/\/ingmar.app\/wp-content\/uploads\/2021\/11\/Receptmagneterna-2.jpg\",\"contentUrl\":\"https:\/\/ingmar.app\/wp-content\/uploads\/2021\/11\/Receptmagneterna-2.jpg\",\"width\":1013,\"height\":760,\"caption\":\"Kylsk\\u00e5psmagneter med recept\"},{\"@type\":\"WebPage\",\"@id\":\"https:\/\/ingmar.app\/product\/kylskapsmagneter-med-recept\/#webpage\",\"url\":\"https:\/\/ingmar.app\/product\/kylskapsmagneter-med-recept\/\",\"name\":\"Kylsk\\u00e5psmagneter med recept\",\"isPartOf\":{\"@id\":\"https:\/\/ingmar.app\/#website\"},\"primaryImageOfPage\":{\"@id\":\"https:\/\/ingmar.app\/product\/kylskapsmagneter-med-recept\/#primaryimage\"},\"datePublished\":\"2021-11-21T16:03:40+00:00\",\"dateModified\":\"2024-12-14T14:07:16+00:00\",\"description\":\"Veckoplanera vardagsmaten med barnen p\\u00e5 ett roligare s\\u00e4tt. K\\u00f6p dessa magneter till kylsk\\u00e5pet med 20 av de popul\\u00e4raste barnv\\u00e4nliga recepten\",\"breadcrumb\":{\"@id\":\"https:\/\/ingmar.app\/product\/kylskapsmagneter-med-recept\/#breadcrumb\"},\"inLanguage\":\"en-US\",\"potentialAction\":[{\"@type\":\"ReadAction\",\"target\":[\"https:\/\/ingmar.app\/product\/kylskapsmagneter-med-recept\/\"]}]},{\"@type\":\"BreadcrumbList\",\"@id\":\"https:\/\/ingmar.app\/product\/kylskapsmagneter-med-recept\/#breadcrumb\",\"itemListElement\":[{\"@type\":\"ListItem\",\"position\":1,\"name\":\"Home\",\"item\":\"https:\/\/ingmar.app\/\"},{\"@type\":\"ListItem\",\"position\":2,\"name\":\"Shop\",\"item\":\"https:\/\/ingmar.app\/shop\/\"},{\"@type\":\"ListItem\",\"position\":3,\"name\":\"Kylsk\\u00e5psmagneter med recept\"}]}]}<\/script>\n<!-- \/ Yoast SEO plugin. -->","yoast_head_json":{"title":"Kylsk\u00e5psmagneter med recept","description":"Veckoplanera vardagsmaten med barnen p\u00e5 ett roligare s\u00e4tt. K\u00f6p dessa magneter till kylsk\u00e5pet med 20 av de popul\u00e4raste barnv\u00e4nliga recepten","robots":{"index":"index","follow":"follow","max-snippet":"max-snippet:-1","max-image-preview":"max-image-preview:large","max-video-preview":"max-video-preview:-1"},"canonical":"https:\/\/ingmar.app\/en\/product\/kylskapsmagneter-med-recept\/","og_locale":"en_US","og_type":"article","og_title":"Kylsk\u00e5psmagneter med recept","og_description":"Veckoplanera vardagsmaten med barnen p\u00e5 ett roligare s\u00e4tt. K\u00f6p dessa magneter till kylsk\u00e5pet med 20 av de popul\u00e4raste barnv\u00e4nliga recepten","og_url":"https:\/\/ingmar.app\/en\/product\/kylskapsmagneter-med-recept\/","og_site_name":"Ingmar App - Recept med dina ingredienser","article_modified_time":"2024-12-14T14:07:16+00:00","og_image":[{"width":1013,"height":760,"url":"https:\/\/ingmar.app\/wp-content\/uploads\/2021\/11\/Receptmagneterna-2.jpg","type":"image\/jpeg"}],"twitter_card":"summary_large_image","twitter_misc":{"Est. reading time":"1 minute"},"schema":{"@context":"https:\/\/schema.org","@graph":[{"@type":"Organization","@id":"https:\/\/ingmar.app\/#organization","name":"Ingmar app","url":"https:\/\/ingmar.app\/","sameAs":[],"logo":{"@type":"ImageObject","@id":"https:\/\/ingmar.app\/#logo","inLanguage":"en-US","url":"https:\/\/ingmar.app\/wp-content\/uploads\/2020\/03\/89355333_193003878692460_2013209969461035008_n.png","contentUrl":"https:\/\/ingmar.app\/wp-content\/uploads\/2020\/03\/89355333_193003878692460_2013209969461035008_n.png","width":727,"height":929,"caption":"Ingmar app"},"image":{"@id":"https:\/\/ingmar.app\/#logo"}},{"@type":"WebSite","@id":"https:\/\/ingmar.app\/#website","url":"https:\/\/ingmar.app\/","name":"Ingmar App - Recept med dina ingredienser","description":"Appen med middagstips och ink\u00f6pslista utifr\u00e5n dina ingredienser","publisher":{"@id":"https:\/\/ingmar.app\/#organization"},"potentialAction":[{"@type":"SearchAction","target":{"@type":"EntryPoint","urlTemplate":"https:\/\/ingmar.app\/?s={search_term_string}"},"query-input":"required name=search_term_string"}],"inLanguage":"en-US"},{"@type":"ImageObject","@id":"https:\/\/ingmar.app\/product\/kylskapsmagneter-med-recept\/#primaryimage","inLanguage":"en-US","url":"https:\/\/ingmar.app\/wp-content\/uploads\/2021\/11\/Receptmagneterna-2.jpg","contentUrl":"https:\/\/ingmar.app\/wp-content\/uploads\/2021\/11\/Receptmagneterna-2.jpg","width":1013,"height":760,"caption":"Kylsk\u00e5psmagneter med recept"},{"@type":"WebPage","@id":"https:\/\/ingmar.app\/product\/kylskapsmagneter-med-recept\/#webpage","url":"https:\/\/ingmar.app\/product\/kylskapsmagneter-med-recept\/","name":"Kylsk\u00e5psmagneter med recept","isPartOf":{"@id":"https:\/\/ingmar.app\/#website"},"primaryImageOfPage":{"@id":"https:\/\/ingmar.app\/product\/kylskapsmagneter-med-recept\/#primaryimage"},"datePublished":"2021-11-21T16:03:40+00:00","dateModified":"2024-12-14T14:07:16+00:00","description":"Veckoplanera vardagsmaten med barnen p\u00e5 ett roligare s\u00e4tt. K\u00f6p dessa magneter till kylsk\u00e5pet med 20 av de popul\u00e4raste barnv\u00e4nliga recepten","breadcrumb":{"@id":"https:\/\/ingmar.app\/product\/kylskapsmagneter-med-recept\/#breadcrumb"},"inLanguage":"en-US","potentialAction":[{"@type":"ReadAction","target":["https:\/\/ingmar.app\/product\/kylskapsmagneter-med-recept\/"]}]},{"@type":"BreadcrumbList","@id":"https:\/\/ingmar.app\/product\/kylskapsmagneter-med-recept\/#breadcrumb","itemListElement":[{"@type":"ListItem","position":1,"name":"Home","item":"https:\/\/ingmar.app\/"},{"@type":"ListItem","position":2,"name":"Shop","item":"https:\/\/ingmar.app\/shop\/"},{"@type":"ListItem","position":3,"name":"Kylsk\u00e5psmagneter med recept"}]}]}},"_links":{"self":[{"href":"https:\/\/ingmar.app\/en\/wp-json\/wp\/v2\/product\/4869"}],"collection":[{"href":"https:\/\/ingmar.app\/en\/wp-json\/wp\/v2\/product"}],"about":[{"href":"https:\/\/ingmar.app\/en\/wp-json\/wp\/v2\/types\/product"}],"replies":[{"embeddable":true,"href":"https:\/\/ingmar.app\/en\/wp-json\/wp\/v2\/comments?post=4869"}],"wp:featuredmedia":[{"embeddable":true,"href":"https:\/\/ingmar.app\/en\/wp-json\/wp\/v2\/media\/5142"}],"wp:attachment":[{"href":"https:\/\/ingmar.app\/en\/wp-json\/wp\/v2\/media?parent=4869"}],"wp:term":[{"taxonomy":"product_cat","embeddable":true,"href":"https:\/\/ingmar.app\/en\/wp-json\/wp\/v2\/product_cat?post=4869"},{"taxonomy":"product_tag","embeddable":true,"href":"https:\/\/ingmar.app\/en\/wp-json\/wp\/v2\/product_tag?post=4869"}],"curies":[{"name":"wp","href":"https:\/\/api.w.org\/{rel}","templated":true}]}}